{"id":8915,"date":"2020-02-12T13:11:38","date_gmt":"2020-02-12T12:11:38","guid":{"rendered":"https:\/\/haugstedconsult.dk\/contact-us\/"},"modified":"2024-12-17T08:52:53","modified_gmt":"2024-12-17T07:52:53","slug":"contact-us","status":"publish","type":"page","link":"https:\/\/haugstedconsult.dk\/en\/contact-us\/","title":{"rendered":"Contact us"},"content":{"rendered":"\t\t<div data-elementor-type=\"wp-page\" data-elementor-id=\"8915\" class=\"elementor elementor-8915 elementor-61\" data-elementor-post-type=\"page\">\n\t\t\t\t<div class=\"elementor-element elementor-element-293c5c0b e-con-full no-padding e-flex e-con e-parent\" data-id=\"293c5c0b\" data-element_type=\"container\">\n\t\t\t\t<div class=\"elementor-element elementor-element-cb5c06a elementor-widget elementor-widget-template\" data-id=\"cb5c06a\" data-element_type=\"widget\" data-widget_type=\"template.default\">\n\t\t\t\t<div class=\"elementor-widget-container\">\n\t\t\t\t\t<div class=\"elementor-template\">\n\t\t\t\t\t<div data-elementor-type=\"container\" data-elementor-id=\"6563\" class=\"elementor elementor-6563\" data-elementor-post-type=\"elementor_library\">\n\t\t\t\t<div class=\"elementor-element elementor-element-6b499f1f e-con-full no-padding e-flex e-con e-parent\" data-id=\"6b499f1f\" data-element_type=\"container\">\n\t\t\t\t<div class=\"elementor-element elementor-element-1ecbb66 elementor-widget elementor-widget-template\" data-id=\"1ecbb66\" data-element_type=\"widget\" data-widget_type=\"template.default\">\n\t\t\t\t<div class=\"elementor-widget-container\">\n\t\t\t\t\t<div class=\"elementor-template\">\n\t\t\t\t\t<div data-elementor-type=\"container\" data-elementor-id=\"6542\" class=\"elementor elementor-6542\" data-elementor-post-type=\"elementor_library\">\n\t\t\t\t<div class=\"elementor-element elementor-element-2bc4b5ab white e-flex e-con-boxed e-con e-parent\" data-id=\"2bc4b5ab\" data-element_type=\"container\" data-settings=\"{&quot;background_background&quot;:&quot;classic&quot;}\">\n\t\t\t\t\t<div class=\"e-con-inner\">\n\t\t\t\t<div class=\"elementor-element elementor-element-1d645c29 elementor-icon-list--layout-inline elementor-align-center elementor-list-item-link-full_width elementor-widget elementor-widget-icon-list\" data-id=\"1d645c29\" data-element_type=\"widget\" data-widget_type=\"icon-list.default\">\n\t\t\t\t<div class=\"elementor-widget-container\">\n\t\t\t\t\t<ul class=\"elementor-icon-list-items elementor-inline-items\">\n\t\t\t\t\t\t\t<li class=\"elementor-icon-list-item elementor-inline-item\">\n\t\t\t\t\t\t\t\t\t\t<span class=\"elementor-icon-list-text\"><a href=\"tel:24406559##\">+45 24 40 65 59<\/a><\/span>\n\t\t\t\t\t\t\t\t\t<\/li>\n\t\t\t\t\t\t\t\t<li class=\"elementor-icon-list-item elementor-inline-item\">\n\t\t\t\t\t\t\t\t\t\t<span class=\"elementor-icon-list-text\"><a href=\"mailto:perhaugsted48@gmail.com##\">perhaugsted48@gmail.com<\/a><\/span>\n\t\t\t\t\t\t\t\t\t<\/li>\n\t\t\t\t\t\t<\/ul>\n\t\t\t\t<\/div>\n\t\t\t\t<\/div>\n\t\t\t\t\t<\/div>\n\t\t\t\t<\/div>\n\t\t\t\t<\/div>\n\t\t\t\t<\/div>\n\t\t\t\t<\/div>\n\t\t\t\t<\/div>\n\t\t\t\t<\/div>\n\t\t\t\t<\/div>\n\t\t\t\t<\/div>\n\t\t\t\t<\/div>\n\t\t\t\t<\/div>\n\t\t\t\t<\/div>\n\t\t<div class=\"elementor-element elementor-element-36839408 e-flex e-con-boxed e-con e-parent\" data-id=\"36839408\" data-element_type=\"container\">\n\t\t\t\t\t<div class=\"e-con-inner\">\n\t\t<div class=\"elementor-element elementor-element-4410f24e e-con-full no-padding e-flex e-con e-child\" data-id=\"4410f24e\" data-element_type=\"container\" data-settings=\"{&quot;background_background&quot;:&quot;classic&quot;}\">\n\t\t<div class=\"elementor-element elementor-element-f096162 e-con-full light padding e-flex e-con e-child\" data-id=\"f096162\" data-element_type=\"container\">\n\t\t\t\t<div class=\"elementor-element elementor-element-57c7c892 elementor-widget elementor-widget-text-editor\" data-id=\"57c7c892\" data-element_type=\"widget\" data-widget_type=\"text-editor.default\">\n\t\t\t\t<div class=\"elementor-widget-container\">\n\t\t\t\t\t\t\t<h3>My contact details<\/h3>\n<p><strong>Haugsted Consult<\/strong><br \/><a href=\"https:\/\/www.google.com\/maps\/place\/Damg\u00e5rds Alle 59, 5300 Kerteminde\" target=\"_blank\">Damg\u00e5rds Alle 59, 5300 Kerteminde<\/a><\/p>\n<p><a href=\"tel:24406559##\">+45 24 40 65 59<\/a><br \/><a href=\"mailto:perhaugsted48@gmail.com##\">perhaugsted48@gmail.com<\/a><\/p>\n<p>Company registration number:  16577006<\/p>\n\t\t\t\t\t\t<\/div>\n\t\t\t\t<\/div>\n\t\t\t\t<\/div>\n\t\t<div class=\"elementor-element elementor-element-260bdb7a e-con-full padding e-flex e-con e-child\" data-id=\"260bdb7a\" data-element_type=\"container\">\n\t\t\t\t<div class=\"elementor-element elementor-element-275e203d elementor-widget elementor-widget-heading\" data-id=\"275e203d\" data-element_type=\"widget\" data-widget_type=\"heading.default\">\n\t\t\t\t<div class=\"elementor-widget-container\">\n\t\t\t<p class=\"elementor-heading-title elementor-size-default\">Fill out the contact form here<\/p>\t\t<\/div>\n\t\t\t\t<\/div>\n\t\t\t\t<div class=\"elementor-element elementor-element-2e7968d8 elementor-widget__width-inherit elementor-widget elementor-widget-shortcode\" data-id=\"2e7968d8\" data-element_type=\"widget\" data-widget_type=\"shortcode.default\">\n\t\t\t\t<div class=\"elementor-widget-container\">\n\t\t\t\t\t<div class=\"elementor-shortcode\"><form id=\"forminator-module-66\" class=\"forminator-custom-form forminator-custom-form-66\" method=\"post\" data-forminator-render=\"0\" data-uid=\"69f3c4f79f4a1\"><div role=\"alert\" aria-live=\"polite\" class=\"forminator-response-message forminator-error\" aria-hidden=\"true\"><\/div><\/form><\/div>\n\t\t\t\t<\/div>\n\t\t\t\t<\/div>\n\t\t\t\t<\/div>\n\t\t\t\t<\/div>\n\t\t\t\t\t<\/div>\n\t\t\t\t<\/div>\n\t\t<div class=\"elementor-element elementor-element-4a36d6dc e-con-full no-padding e-flex e-con e-parent\" data-id=\"4a36d6dc\" data-element_type=\"container\">\n\t\t\t\t<div class=\"elementor-element elementor-element-4a633266 elementor-widget elementor-widget-google_maps\" data-id=\"4a633266\" data-element_type=\"widget\" data-widget_type=\"google_maps.default\">\n\t\t\t\t<div class=\"elementor-widget-container\">\n\t\t\t\t\t<div class=\"elementor-custom-embed\">\n\t\t\t<iframe loading=\"lazy\"\n\t\t\t\t\tsrc=\"https:\/\/maps.google.com\/maps?q=Damg%C3%A5rds%20Alle%2059%2C%205300%20Kerteminde&#038;t=m&#038;z=10&#038;output=embed&#038;iwloc=near\"\n\t\t\t\t\ttitle=\"Damg\u00e5rds Alle 59, 5300 Kerteminde\"\n\t\t\t\t\taria-label=\"Damg\u00e5rds Alle 59, 5300 Kerteminde\"\n\t\t\t><\/iframe>\n\t\t<\/div>\n\t\t\t\t<\/div>\n\t\t\t\t<\/div>\n\t\t\t\t<\/div>\n\t\t\t\t<\/div>\n\t\t","protected":false},"excerpt":{"rendered":"<p>Do you have any questions or comments? Contact us today to learn more about what we can do for you.<\/p>\n","protected":false},"author":1,"featured_media":0,"parent":0,"menu_order":0,"comment_status":"closed","ping_status":"closed","template":"","meta":{"_acf_changed":false,"footnotes":""},"categories":[],"class_list":["post-8915","page","type-page","status-publish"],"acf":[],"yoast_head":"<!-- This site is optimized with the Yoast SEO plugin v26.8 - https:\/\/yoast.com\/product\/yoast-seo-wordpress\/ -->\n<title>Contact us | Haugsted Consult<\/title>\n<meta name=\"robots\" content=\"index, follow, max-snippet:-1, max-image-preview:large, max-video-preview:-1\" \/>\n<link rel=\"canonical\" href=\"https:\/\/haugstedconsult.dk\/en\/contact-us\/\" \/>\n<meta property=\"og:locale\" content=\"en_US\" \/>\n<meta property=\"og:type\" content=\"article\" \/>\n<meta property=\"og:title\" content=\"Contact us | Haugsted Consult\" \/>\n<meta property=\"og:description\" content=\"Do you have any questions or comments? Contact us today to learn more about what we can do for you.\" \/>\n<meta property=\"og:url\" content=\"https:\/\/haugstedconsult.dk\/en\/contact-us\/\" \/>\n<meta property=\"og:site_name\" content=\"Haugsted Consult\" \/>\n<meta property=\"article:modified_time\" content=\"2024-12-17T07:52:53+00:00\" \/>\n<meta name=\"twitter:card\" content=\"summary_large_image\" \/>\n<script type=\"application\/ld+json\" class=\"yoast-schema-graph\">{\"@context\":\"https:\/\/schema.org\",\"@graph\":[{\"@type\":\"WebPage\",\"@id\":\"https:\/\/haugstedconsult.dk\/en\/contact-us\/\",\"url\":\"https:\/\/haugstedconsult.dk\/en\/contact-us\/\",\"name\":\"Contact us | Haugsted Consult\",\"isPartOf\":{\"@id\":\"https:\/\/haugstedconsult.webserver10.dk\/#website\"},\"datePublished\":\"2020-02-12T12:11:38+00:00\",\"dateModified\":\"2024-12-17T07:52:53+00:00\",\"breadcrumb\":{\"@id\":\"https:\/\/haugstedconsult.dk\/en\/contact-us\/#breadcrumb\"},\"inLanguage\":\"en-US\",\"potentialAction\":[{\"@type\":\"ReadAction\",\"target\":[\"https:\/\/haugstedconsult.dk\/en\/contact-us\/\"]}]},{\"@type\":\"BreadcrumbList\",\"@id\":\"https:\/\/haugstedconsult.dk\/en\/contact-us\/#breadcrumb\",\"itemListElement\":[{\"@type\":\"ListItem\",\"position\":1,\"name\":\"Forside\",\"item\":\"https:\/\/haugstedconsult.dk\/en\/home-page\/\"},{\"@type\":\"ListItem\",\"position\":2,\"name\":\"Contact us\"}]},{\"@type\":\"WebSite\",\"@id\":\"https:\/\/haugstedconsult.webserver10.dk\/#website\",\"url\":\"https:\/\/haugstedconsult.webserver10.dk\/\",\"name\":\"Haugsted Consult\",\"description\":\"Milj\u00f8- og klima r\u00e5dgivning: Organiske ressourcer i et biologisk kredsl\u00f8b\",\"publisher\":{\"@id\":\"https:\/\/haugstedconsult.webserver10.dk\/#organization\"},\"potentialAction\":[{\"@type\":\"SearchAction\",\"target\":{\"@type\":\"EntryPoint\",\"urlTemplate\":\"https:\/\/haugstedconsult.webserver10.dk\/?s={search_term_string}\"},\"query-input\":{\"@type\":\"PropertyValueSpecification\",\"valueRequired\":true,\"valueName\":\"search_term_string\"}}],\"inLanguage\":\"en-US\"},{\"@type\":\"Organization\",\"@id\":\"https:\/\/haugstedconsult.webserver10.dk\/#organization\",\"name\":\"Haugsted Consult\",\"url\":\"https:\/\/haugstedconsult.webserver10.dk\/\",\"logo\":{\"@type\":\"ImageObject\",\"inLanguage\":\"en-US\",\"@id\":\"https:\/\/haugstedconsult.webserver10.dk\/#\/schema\/logo\/image\/\",\"url\":\"https:\/\/haugstedconsult.dk\/wp-content\/uploads\/2024\/09\/cropped-Logo-1.png\",\"contentUrl\":\"https:\/\/haugstedconsult.dk\/wp-content\/uploads\/2024\/09\/cropped-Logo-1.png\",\"width\":218,\"height\":60,\"caption\":\"Haugsted Consult\"},\"image\":{\"@id\":\"https:\/\/haugstedconsult.webserver10.dk\/#\/schema\/logo\/image\/\"}}]}<\/script>\n<!-- \/ Yoast SEO plugin. -->","yoast_head_json":{"title":"Contact us | Haugsted Consult","robots":{"index":"index","follow":"follow","max-snippet":"max-snippet:-1","max-image-preview":"max-image-preview:large","max-video-preview":"max-video-preview:-1"},"canonical":"https:\/\/haugstedconsult.dk\/en\/contact-us\/","og_locale":"en_US","og_type":"article","og_title":"Contact us | Haugsted Consult","og_description":"Do you have any questions or comments? Contact us today to learn more about what we can do for you.","og_url":"https:\/\/haugstedconsult.dk\/en\/contact-us\/","og_site_name":"Haugsted Consult","article_modified_time":"2024-12-17T07:52:53+00:00","twitter_card":"summary_large_image","schema":{"@context":"https:\/\/schema.org","@graph":[{"@type":"WebPage","@id":"https:\/\/haugstedconsult.dk\/en\/contact-us\/","url":"https:\/\/haugstedconsult.dk\/en\/contact-us\/","name":"Contact us | Haugsted Consult","isPartOf":{"@id":"https:\/\/haugstedconsult.webserver10.dk\/#website"},"datePublished":"2020-02-12T12:11:38+00:00","dateModified":"2024-12-17T07:52:53+00:00","breadcrumb":{"@id":"https:\/\/haugstedconsult.dk\/en\/contact-us\/#breadcrumb"},"inLanguage":"en-US","potentialAction":[{"@type":"ReadAction","target":["https:\/\/haugstedconsult.dk\/en\/contact-us\/"]}]},{"@type":"BreadcrumbList","@id":"https:\/\/haugstedconsult.dk\/en\/contact-us\/#breadcrumb","itemListElement":[{"@type":"ListItem","position":1,"name":"Forside","item":"https:\/\/haugstedconsult.dk\/en\/home-page\/"},{"@type":"ListItem","position":2,"name":"Contact us"}]},{"@type":"WebSite","@id":"https:\/\/haugstedconsult.webserver10.dk\/#website","url":"https:\/\/haugstedconsult.webserver10.dk\/","name":"Haugsted Consult","description":"Milj\u00f8- og klima r\u00e5dgivning: Organiske ressourcer i et biologisk kredsl\u00f8b","publisher":{"@id":"https:\/\/haugstedconsult.webserver10.dk\/#organization"},"potentialAction":[{"@type":"SearchAction","target":{"@type":"EntryPoint","urlTemplate":"https:\/\/haugstedconsult.webserver10.dk\/?s={search_term_string}"},"query-input":{"@type":"PropertyValueSpecification","valueRequired":true,"valueName":"search_term_string"}}],"inLanguage":"en-US"},{"@type":"Organization","@id":"https:\/\/haugstedconsult.webserver10.dk\/#organization","name":"Haugsted Consult","url":"https:\/\/haugstedconsult.webserver10.dk\/","logo":{"@type":"ImageObject","inLanguage":"en-US","@id":"https:\/\/haugstedconsult.webserver10.dk\/#\/schema\/logo\/image\/","url":"https:\/\/haugstedconsult.dk\/wp-content\/uploads\/2024\/09\/cropped-Logo-1.png","contentUrl":"https:\/\/haugstedconsult.dk\/wp-content\/uploads\/2024\/09\/cropped-Logo-1.png","width":218,"height":60,"caption":"Haugsted Consult"},"image":{"@id":"https:\/\/haugstedconsult.webserver10.dk\/#\/schema\/logo\/image\/"}}]}},"_links":{"self":[{"href":"https:\/\/haugstedconsult.dk\/en\/wp-json\/wp\/v2\/pages\/8915","targetHints":{"allow":["GET"]}}],"collection":[{"href":"https:\/\/haugstedconsult.dk\/en\/wp-json\/wp\/v2\/pages"}],"about":[{"href":"https:\/\/haugstedconsult.dk\/en\/wp-json\/wp\/v2\/types\/page"}],"author":[{"embeddable":true,"href":"https:\/\/haugstedconsult.dk\/en\/wp-json\/wp\/v2\/users\/1"}],"replies":[{"embeddable":true,"href":"https:\/\/haugstedconsult.dk\/en\/wp-json\/wp\/v2\/comments?post=8915"}],"version-history":[{"count":3,"href":"https:\/\/haugstedconsult.dk\/en\/wp-json\/wp\/v2\/pages\/8915\/revisions"}],"predecessor-version":[{"id":8937,"href":"https:\/\/haugstedconsult.dk\/en\/wp-json\/wp\/v2\/pages\/8915\/revisions\/8937"}],"wp:attachment":[{"href":"https:\/\/haugstedconsult.dk\/en\/wp-json\/wp\/v2\/media?parent=8915"}],"wp:term":[{"taxonomy":"category","embeddable":true,"href":"https:\/\/haugstedconsult.dk\/en\/wp-json\/wp\/v2\/categories?post=8915"}],"curies":[{"name":"wp","href":"https:\/\/api.w.org\/{rel}","templated":true}]}}