{"id":8917,"date":"2024-09-11T15:56:15","date_gmt":"2024-09-11T13:56:15","guid":{"rendered":"https:\/\/haugstedconsult.dk\/about-me\/"},"modified":"2024-12-17T08:52:53","modified_gmt":"2024-12-17T07:52:53","slug":"about-me","status":"publish","type":"page","link":"https:\/\/haugstedconsult.dk\/en\/about-me\/","title":{"rendered":"About me"},"content":{"rendered":"\t\t<div data-elementor-type=\"wp-page\" data-elementor-id=\"8917\" class=\"elementor elementor-8917 elementor-8744\" data-elementor-post-type=\"page\">\n\t\t\t\t<div class=\"elementor-element elementor-element-3bffbed9 e-con-full no-padding e-flex e-con e-parent\" data-id=\"3bffbed9\" data-element_type=\"container\">\n\t\t\t\t<div class=\"elementor-element elementor-element-3393f81 elementor-widget elementor-widget-template\" data-id=\"3393f81\" data-element_type=\"widget\" data-widget_type=\"template.default\">\n\t\t\t\t<div class=\"elementor-widget-container\">\n\t\t\t\t\t<div class=\"elementor-template\">\n\t\t\t\t\t<div data-elementor-type=\"container\" data-elementor-id=\"6563\" class=\"elementor elementor-6563\" data-elementor-post-type=\"elementor_library\">\n\t\t\t\t<div class=\"elementor-element elementor-element-6b499f1f e-con-full no-padding e-flex e-con e-parent\" data-id=\"6b499f1f\" data-element_type=\"container\">\n\t\t\t\t<div class=\"elementor-element elementor-element-1ecbb66 elementor-widget elementor-widget-template\" data-id=\"1ecbb66\" data-element_type=\"widget\" data-widget_type=\"template.default\">\n\t\t\t\t<div class=\"elementor-widget-container\">\n\t\t\t\t\t<div class=\"elementor-template\">\n\t\t\t\t\t<div data-elementor-type=\"container\" data-elementor-id=\"6542\" class=\"elementor elementor-6542\" data-elementor-post-type=\"elementor_library\">\n\t\t\t\t<div class=\"elementor-element elementor-element-2bc4b5ab white e-flex e-con-boxed e-con e-parent\" data-id=\"2bc4b5ab\" data-element_type=\"container\" data-settings=\"{&quot;background_background&quot;:&quot;classic&quot;}\">\n\t\t\t\t\t<div class=\"e-con-inner\">\n\t\t\t\t<div class=\"elementor-element elementor-element-1d645c29 elementor-icon-list--layout-inline elementor-align-center elementor-list-item-link-full_width elementor-widget elementor-widget-icon-list\" data-id=\"1d645c29\" data-element_type=\"widget\" data-widget_type=\"icon-list.default\">\n\t\t\t\t<div class=\"elementor-widget-container\">\n\t\t\t\t\t<ul class=\"elementor-icon-list-items elementor-inline-items\">\n\t\t\t\t\t\t\t<li class=\"elementor-icon-list-item elementor-inline-item\">\n\t\t\t\t\t\t\t\t\t\t<span class=\"elementor-icon-list-text\"><a href=\"tel:24406559##\">+45 24 40 65 59<\/a><\/span>\n\t\t\t\t\t\t\t\t\t<\/li>\n\t\t\t\t\t\t\t\t<li class=\"elementor-icon-list-item elementor-inline-item\">\n\t\t\t\t\t\t\t\t\t\t<span class=\"elementor-icon-list-text\"><a href=\"mailto:perhaugsted48@gmail.com##\">perhaugsted48@gmail.com<\/a><\/span>\n\t\t\t\t\t\t\t\t\t<\/li>\n\t\t\t\t\t\t<\/ul>\n\t\t\t\t<\/div>\n\t\t\t\t<\/div>\n\t\t\t\t\t<\/div>\n\t\t\t\t<\/div>\n\t\t\t\t<\/div>\n\t\t\t\t<\/div>\n\t\t\t\t<\/div>\n\t\t\t\t<\/div>\n\t\t\t\t<\/div>\n\t\t\t\t<\/div>\n\t\t\t\t<\/div>\n\t\t\t\t<\/div>\n\t\t\t\t<\/div>\n\t\t\t\t<\/div>\n\t\t<div class=\"elementor-element elementor-element-4d13bb0 e-flex e-con-boxed e-con e-parent\" data-id=\"4d13bb0\" data-element_type=\"container\">\n\t\t\t\t\t<div class=\"e-con-inner\">\n\t\t<div class=\"elementor-element elementor-element-5d7b1362 e-con-full e-flex e-con e-child\" data-id=\"5d7b1362\" data-element_type=\"container\">\n\t\t\t\t<div class=\"elementor-element elementor-element-3a90ec33 elementor-widget elementor-widget-text-editor\" data-id=\"3a90ec33\" data-element_type=\"widget\" data-widget_type=\"text-editor.default\">\n\t\t\t\t<div class=\"elementor-widget-container\">\n\t\t\t\t\t\t\t<h3>With more than 30 years of experience<\/h3>\n<p>Per Haugsted Petersen has worked as a project manager and expert in the waste field for more than 30 years. The tasks have been carried out by the state, municipalities, joint municipalities and the private sector, both nationally and internationally.<\/p>\n<p>The tasks have mainly concentrated on waste planning, source separation, collection and management of household and industrial waste with special emphasis on recycling of both organic material and physical resources in the waste.<\/p>\n<p>But also operational optimization, efficiency in relation to the waste hierarchy, service level, environmental and climate impact, and economic assessments of collection technologies and waste treatment plants have been a large part of Per&#8217;s tasks at Ramboll.<\/p>\n<p>Per Haugsted Petersen has gained extensive experience as a project manager and as an expert on projects with source sorting, separate collection and the establishment of treatment facilities for waste resources as well as conducting analyzes, cost benefit, benchmark and environmental and climate effects according to the Life Cycle Thinking approach.<\/p>\n<p>Most recently, as project manager and expert, Per has assisted the Danish Environmental Protection Agency with the preparation of a number of projects that support the value chain for source-separated organic waste (KOD) for use by both municipalities and the market.<\/p>\n\t\t\t\t\t\t<\/div>\n\t\t\t\t<\/div>\n\t\t\t\t<\/div>\n\t\t<div class=\"elementor-element elementor-element-3eeb80fe e-con-full e-flex e-con e-child\" data-id=\"3eeb80fe\" data-element_type=\"container\">\n\t\t\t\t<div class=\"elementor-element elementor-element-3b33e8fd dark elementor-widget elementor-widget-sidebar\" data-id=\"3b33e8fd\" data-element_type=\"widget\" data-widget_type=\"sidebar.default\">\n\t\t\t\t<div class=\"elementor-widget-container\">\n\t\t\t<aside id=\"text-10\" class=\"widget-odd widget-first widget-1 widget inner-padding widget_text\"><h2 class=\"widget-title\">Vil du h\u00f8re mere?<\/h2>\t\t\t<div class=\"textwidget\"><p>Udfyld formularen og jeg kontakter dig hurtigst muligt.<\/p>\n<\/div>\n\t\t<\/aside><aside id=\"forminator_widget-2\" class=\"widget-even widget-last widget-2 widget inner-padding widget_forminator_widget\"><form id=\"forminator-module-199\" class=\"forminator-custom-form forminator-custom-form-199\" method=\"post\" data-forminator-render=\"0\" data-uid=\"69f3c55035cce\"><div role=\"alert\" aria-live=\"polite\" class=\"forminator-response-message forminator-error\" aria-hidden=\"true\"><\/div><\/form><\/aside>\t\t<\/div>\n\t\t\t\t<\/div>\n\t\t\t\t<\/div>\n\t\t\t\t\t<\/div>\n\t\t\t\t<\/div>\n\t\t<div class=\"elementor-element elementor-element-3cbbeea8 light e-flex e-con-boxed e-con e-parent\" data-id=\"3cbbeea8\" data-element_type=\"container\">\n\t\t\t\t\t<div class=\"e-con-inner\">\n\t\t\t\t<div class=\"elementor-element elementor-element-35fcbc8c elementor-widget elementor-widget-gallery\" data-id=\"35fcbc8c\" data-element_type=\"widget\" data-settings=\"{&quot;gap&quot;:{&quot;unit&quot;:&quot;px&quot;,&quot;size&quot;:30,&quot;sizes&quot;:[]},&quot;aspect_ratio&quot;:&quot;1:1&quot;,&quot;columns_tablet&quot;:3,&quot;columns_mobile&quot;:2,&quot;gap_tablet&quot;:{&quot;unit&quot;:&quot;px&quot;,&quot;size&quot;:15,&quot;sizes&quot;:[]},&quot;gap_mobile&quot;:{&quot;unit&quot;:&quot;px&quot;,&quot;size&quot;:15,&quot;sizes&quot;:[]},&quot;columns&quot;:3,&quot;lazyload&quot;:&quot;yes&quot;,&quot;gallery_layout&quot;:&quot;grid&quot;,&quot;gap_laptop&quot;:{&quot;unit&quot;:&quot;px&quot;,&quot;size&quot;:10,&quot;sizes&quot;:[]},&quot;link_to&quot;:&quot;file&quot;,&quot;content_hover_animation&quot;:&quot;fade-in&quot;}\" data-widget_type=\"gallery.default\">\n\t\t\t\t<div class=\"elementor-widget-container\">\n\t\t\t\t\t<div class=\"elementor-gallery__container\">\n\t\t\t\t\t\t\t<a class=\"e-gallery-item elementor-gallery-item elementor-animated-content\" href=\"https:\/\/haugstedconsult.dk\/wp-content\/uploads\/2024\/10\/PROFIL.png\" data-elementor-open-lightbox=\"yes\" data-elementor-lightbox-slideshow=\"35fcbc8c\" data-e-action-hash=\"#elementor-action%3Aaction%3Dlightbox%26settings%3DeyJpZCI6ODkxMywidXJsIjoiaHR0cHM6XC9cL2hhdWdzdGVkY29uc3VsdC5ka1wvd3AtY29udGVudFwvdXBsb2Fkc1wvMjAyNFwvMTBcL1BST0ZJTC5wbmciLCJzbGlkZXNob3ciOiIzNWZjYmM4YyJ9\" data-rel=\"-image-0\" data-rl_title=\"\" data-rl_caption=\"\" title=\"\">\n\t\t\t\t\t<div class=\"e-gallery-image elementor-gallery-item__image\" data-thumbnail=\"https:\/\/haugstedconsult.dk\/wp-content\/uploads\/2024\/10\/PROFIL.png\" data-width=\"889\" data-height=\"438\" aria-label=\"\" role=\"img\" ><\/div>\n\t\t\t\t\t\t\t\t\t\t\t\t\t\t<\/a>\n\t\t\t\t\t<\/div>\n\t\t\t<\/div>\n\t\t\t\t<\/div>\n\t\t\t\t\t<\/div>\n\t\t\t\t<\/div>\n\t\t\t\t<\/div>\n\t\t","protected":false},"excerpt":{"rendered":"<p>With more than 30 years of experience Per Haugsted Petersen has worked as a project manager and expert in the waste field for more than 30 years. The tasks have been carried out by the state, municipalities, joint municipalities and the private sector, both nationally and internationally. The tasks have mainly concentrated on waste planning, &#8230; <a title=\"About me\" class=\"read-more\" href=\"https:\/\/haugstedconsult.dk\/en\/about-me\/\" aria-label=\"Read more about About me\">Read more<\/a><\/p>\n","protected":false},"author":5,"featured_media":0,"parent":0,"menu_order":0,"comment_status":"closed","ping_status":"closed","template":"","meta":{"_acf_changed":false,"footnotes":""},"categories":[],"class_list":["post-8917","page","type-page","status-publish"],"acf":[],"yoast_head":"<!-- This site is optimized with the Yoast SEO plugin v26.8 - https:\/\/yoast.com\/product\/yoast-seo-wordpress\/ -->\n<title>About me | Haugsted Consult<\/title>\n<meta name=\"robots\" content=\"index, follow, max-snippet:-1, max-image-preview:large, max-video-preview:-1\" \/>\n<link rel=\"canonical\" href=\"https:\/\/haugstedconsult.dk\/en\/about-me\/\" \/>\n<meta property=\"og:locale\" content=\"en_US\" \/>\n<meta property=\"og:type\" content=\"article\" \/>\n<meta property=\"og:title\" content=\"About me | Haugsted Consult\" \/>\n<meta property=\"og:description\" content=\"With more than 30 years of experience Per Haugsted Petersen has worked as a project manager and expert in the waste field for more than 30 years. The tasks have been carried out by the state, municipalities, joint municipalities and the private sector, both nationally and internationally. The tasks have mainly concentrated on waste planning, ... Read more\" \/>\n<meta property=\"og:url\" content=\"https:\/\/haugstedconsult.dk\/en\/about-me\/\" \/>\n<meta property=\"og:site_name\" content=\"Haugsted Consult\" \/>\n<meta property=\"article:modified_time\" content=\"2024-12-17T07:52:53+00:00\" \/>\n<meta name=\"twitter:card\" content=\"summary_large_image\" \/>\n<meta name=\"twitter:label1\" content=\"Est. reading time\" \/>\n\t<meta name=\"twitter:data1\" content=\"1 minute\" \/>\n<script type=\"application\/ld+json\" class=\"yoast-schema-graph\">{\"@context\":\"https:\/\/schema.org\",\"@graph\":[{\"@type\":\"WebPage\",\"@id\":\"https:\/\/haugstedconsult.dk\/en\/about-me\/\",\"url\":\"https:\/\/haugstedconsult.dk\/en\/about-me\/\",\"name\":\"About me | Haugsted Consult\",\"isPartOf\":{\"@id\":\"https:\/\/haugstedconsult.webserver10.dk\/#website\"},\"datePublished\":\"2024-09-11T13:56:15+00:00\",\"dateModified\":\"2024-12-17T07:52:53+00:00\",\"breadcrumb\":{\"@id\":\"https:\/\/haugstedconsult.dk\/en\/about-me\/#breadcrumb\"},\"inLanguage\":\"en-US\",\"potentialAction\":[{\"@type\":\"ReadAction\",\"target\":[\"https:\/\/haugstedconsult.dk\/en\/about-me\/\"]}]},{\"@type\":\"BreadcrumbList\",\"@id\":\"https:\/\/haugstedconsult.dk\/en\/about-me\/#breadcrumb\",\"itemListElement\":[{\"@type\":\"ListItem\",\"position\":1,\"name\":\"Forside\",\"item\":\"https:\/\/haugstedconsult.dk\/en\/home-page\/\"},{\"@type\":\"ListItem\",\"position\":2,\"name\":\"About me\"}]},{\"@type\":\"WebSite\",\"@id\":\"https:\/\/haugstedconsult.webserver10.dk\/#website\",\"url\":\"https:\/\/haugstedconsult.webserver10.dk\/\",\"name\":\"Haugsted Consult\",\"description\":\"Milj\u00f8- og klima r\u00e5dgivning: Organiske ressourcer i et biologisk kredsl\u00f8b\",\"publisher\":{\"@id\":\"https:\/\/haugstedconsult.webserver10.dk\/#organization\"},\"potentialAction\":[{\"@type\":\"SearchAction\",\"target\":{\"@type\":\"EntryPoint\",\"urlTemplate\":\"https:\/\/haugstedconsult.webserver10.dk\/?s={search_term_string}\"},\"query-input\":{\"@type\":\"PropertyValueSpecification\",\"valueRequired\":true,\"valueName\":\"search_term_string\"}}],\"inLanguage\":\"en-US\"},{\"@type\":\"Organization\",\"@id\":\"https:\/\/haugstedconsult.webserver10.dk\/#organization\",\"name\":\"Haugsted Consult\",\"url\":\"https:\/\/haugstedconsult.webserver10.dk\/\",\"logo\":{\"@type\":\"ImageObject\",\"inLanguage\":\"en-US\",\"@id\":\"https:\/\/haugstedconsult.webserver10.dk\/#\/schema\/logo\/image\/\",\"url\":\"https:\/\/haugstedconsult.dk\/wp-content\/uploads\/2024\/09\/cropped-Logo-1.png\",\"contentUrl\":\"https:\/\/haugstedconsult.dk\/wp-content\/uploads\/2024\/09\/cropped-Logo-1.png\",\"width\":218,\"height\":60,\"caption\":\"Haugsted Consult\"},\"image\":{\"@id\":\"https:\/\/haugstedconsult.webserver10.dk\/#\/schema\/logo\/image\/\"}}]}<\/script>\n<!-- \/ Yoast SEO plugin. -->","yoast_head_json":{"title":"About me | Haugsted Consult","robots":{"index":"index","follow":"follow","max-snippet":"max-snippet:-1","max-image-preview":"max-image-preview:large","max-video-preview":"max-video-preview:-1"},"canonical":"https:\/\/haugstedconsult.dk\/en\/about-me\/","og_locale":"en_US","og_type":"article","og_title":"About me | Haugsted Consult","og_description":"With more than 30 years of experience Per Haugsted Petersen has worked as a project manager and expert in the waste field for more than 30 years. The tasks have been carried out by the state, municipalities, joint municipalities and the private sector, both nationally and internationally. The tasks have mainly concentrated on waste planning, ... Read more","og_url":"https:\/\/haugstedconsult.dk\/en\/about-me\/","og_site_name":"Haugsted Consult","article_modified_time":"2024-12-17T07:52:53+00:00","twitter_card":"summary_large_image","twitter_misc":{"Est. reading time":"1 minute"},"schema":{"@context":"https:\/\/schema.org","@graph":[{"@type":"WebPage","@id":"https:\/\/haugstedconsult.dk\/en\/about-me\/","url":"https:\/\/haugstedconsult.dk\/en\/about-me\/","name":"About me | Haugsted Consult","isPartOf":{"@id":"https:\/\/haugstedconsult.webserver10.dk\/#website"},"datePublished":"2024-09-11T13:56:15+00:00","dateModified":"2024-12-17T07:52:53+00:00","breadcrumb":{"@id":"https:\/\/haugstedconsult.dk\/en\/about-me\/#breadcrumb"},"inLanguage":"en-US","potentialAction":[{"@type":"ReadAction","target":["https:\/\/haugstedconsult.dk\/en\/about-me\/"]}]},{"@type":"BreadcrumbList","@id":"https:\/\/haugstedconsult.dk\/en\/about-me\/#breadcrumb","itemListElement":[{"@type":"ListItem","position":1,"name":"Forside","item":"https:\/\/haugstedconsult.dk\/en\/home-page\/"},{"@type":"ListItem","position":2,"name":"About me"}]},{"@type":"WebSite","@id":"https:\/\/haugstedconsult.webserver10.dk\/#website","url":"https:\/\/haugstedconsult.webserver10.dk\/","name":"Haugsted Consult","description":"Milj\u00f8- og klima r\u00e5dgivning: Organiske ressourcer i et biologisk kredsl\u00f8b","publisher":{"@id":"https:\/\/haugstedconsult.webserver10.dk\/#organization"},"potentialAction":[{"@type":"SearchAction","target":{"@type":"EntryPoint","urlTemplate":"https:\/\/haugstedconsult.webserver10.dk\/?s={search_term_string}"},"query-input":{"@type":"PropertyValueSpecification","valueRequired":true,"valueName":"search_term_string"}}],"inLanguage":"en-US"},{"@type":"Organization","@id":"https:\/\/haugstedconsult.webserver10.dk\/#organization","name":"Haugsted Consult","url":"https:\/\/haugstedconsult.webserver10.dk\/","logo":{"@type":"ImageObject","inLanguage":"en-US","@id":"https:\/\/haugstedconsult.webserver10.dk\/#\/schema\/logo\/image\/","url":"https:\/\/haugstedconsult.dk\/wp-content\/uploads\/2024\/09\/cropped-Logo-1.png","contentUrl":"https:\/\/haugstedconsult.dk\/wp-content\/uploads\/2024\/09\/cropped-Logo-1.png","width":218,"height":60,"caption":"Haugsted Consult"},"image":{"@id":"https:\/\/haugstedconsult.webserver10.dk\/#\/schema\/logo\/image\/"}}]}},"_links":{"self":[{"href":"https:\/\/haugstedconsult.dk\/en\/wp-json\/wp\/v2\/pages\/8917","targetHints":{"allow":["GET"]}}],"collection":[{"href":"https:\/\/haugstedconsult.dk\/en\/wp-json\/wp\/v2\/pages"}],"about":[{"href":"https:\/\/haugstedconsult.dk\/en\/wp-json\/wp\/v2\/types\/page"}],"author":[{"embeddable":true,"href":"https:\/\/haugstedconsult.dk\/en\/wp-json\/wp\/v2\/users\/5"}],"replies":[{"embeddable":true,"href":"https:\/\/haugstedconsult.dk\/en\/wp-json\/wp\/v2\/comments?post=8917"}],"version-history":[{"count":3,"href":"https:\/\/haugstedconsult.dk\/en\/wp-json\/wp\/v2\/pages\/8917\/revisions"}],"predecessor-version":[{"id":8929,"href":"https:\/\/haugstedconsult.dk\/en\/wp-json\/wp\/v2\/pages\/8917\/revisions\/8929"}],"wp:attachment":[{"href":"https:\/\/haugstedconsult.dk\/en\/wp-json\/wp\/v2\/media?parent=8917"}],"wp:term":[{"taxonomy":"category","embeddable":true,"href":"https:\/\/haugstedconsult.dk\/en\/wp-json\/wp\/v2\/categories?post=8917"}],"curies":[{"name":"wp","href":"https:\/\/api.w.org\/{rel}","templated":true}]}}