{"id":8919,"date":"2024-09-11T15:56:15","date_gmt":"2024-09-11T13:56:15","guid":{"rendered":"https:\/\/haugstedconsult.dk\/advice-and-assistance\/"},"modified":"2024-12-17T08:52:53","modified_gmt":"2024-12-17T07:52:53","slug":"advice-and-assistance","status":"publish","type":"page","link":"https:\/\/haugstedconsult.dk\/en\/advice-and-assistance\/","title":{"rendered":"Advice and assistance"},"content":{"rendered":"\t\t<div data-elementor-type=\"wp-page\" data-elementor-id=\"8919\" class=\"elementor elementor-8919 elementor-8743\" data-elementor-post-type=\"page\">\n\t\t\t\t<div class=\"elementor-element elementor-element-56adcf49 e-con-full no-padding e-flex e-con e-parent\" data-id=\"56adcf49\" data-element_type=\"container\">\n\t\t\t\t<div class=\"elementor-element elementor-element-36efcc08 elementor-widget elementor-widget-template\" data-id=\"36efcc08\" data-element_type=\"widget\" data-widget_type=\"template.default\">\n\t\t\t\t<div class=\"elementor-widget-container\">\n\t\t\t\t\t<div class=\"elementor-template\">\n\t\t\t\t\t<div data-elementor-type=\"container\" data-elementor-id=\"6563\" class=\"elementor elementor-6563\" data-elementor-post-type=\"elementor_library\">\n\t\t\t\t<div class=\"elementor-element elementor-element-6b499f1f e-con-full no-padding e-flex e-con e-parent\" data-id=\"6b499f1f\" data-element_type=\"container\">\n\t\t\t\t<div class=\"elementor-element elementor-element-1ecbb66 elementor-widget elementor-widget-template\" data-id=\"1ecbb66\" data-element_type=\"widget\" data-widget_type=\"template.default\">\n\t\t\t\t<div class=\"elementor-widget-container\">\n\t\t\t\t\t<div class=\"elementor-template\">\n\t\t\t\t\t<div data-elementor-type=\"container\" data-elementor-id=\"6542\" class=\"elementor elementor-6542\" data-elementor-post-type=\"elementor_library\">\n\t\t\t\t<div class=\"elementor-element elementor-element-2bc4b5ab white e-flex e-con-boxed e-con e-parent\" data-id=\"2bc4b5ab\" data-element_type=\"container\" data-settings=\"{&quot;background_background&quot;:&quot;classic&quot;}\">\n\t\t\t\t\t<div class=\"e-con-inner\">\n\t\t\t\t<div class=\"elementor-element elementor-element-1d645c29 elementor-icon-list--layout-inline elementor-align-center elementor-list-item-link-full_width elementor-widget elementor-widget-icon-list\" data-id=\"1d645c29\" data-element_type=\"widget\" data-widget_type=\"icon-list.default\">\n\t\t\t\t<div class=\"elementor-widget-container\">\n\t\t\t\t\t<ul class=\"elementor-icon-list-items elementor-inline-items\">\n\t\t\t\t\t\t\t<li class=\"elementor-icon-list-item elementor-inline-item\">\n\t\t\t\t\t\t\t\t\t\t<span class=\"elementor-icon-list-text\"><a href=\"tel:24406559##\">+45 24 40 65 59<\/a><\/span>\n\t\t\t\t\t\t\t\t\t<\/li>\n\t\t\t\t\t\t\t\t<li class=\"elementor-icon-list-item elementor-inline-item\">\n\t\t\t\t\t\t\t\t\t\t<span class=\"elementor-icon-list-text\"><a href=\"mailto:perhaugsted48@gmail.com##\">perhaugsted48@gmail.com<\/a><\/span>\n\t\t\t\t\t\t\t\t\t<\/li>\n\t\t\t\t\t\t<\/ul>\n\t\t\t\t<\/div>\n\t\t\t\t<\/div>\n\t\t\t\t\t<\/div>\n\t\t\t\t<\/div>\n\t\t\t\t<\/div>\n\t\t\t\t<\/div>\n\t\t\t\t<\/div>\n\t\t\t\t<\/div>\n\t\t\t\t<\/div>\n\t\t\t\t<\/div>\n\t\t\t\t<\/div>\n\t\t\t\t<\/div>\n\t\t\t\t<\/div>\n\t\t\t\t<\/div>\n\t\t<div class=\"elementor-element elementor-element-32a2223f e-flex e-con-boxed e-con e-parent\" data-id=\"32a2223f\" data-element_type=\"container\">\n\t\t\t\t\t<div class=\"e-con-inner\">\n\t\t<div class=\"elementor-element elementor-element-1b4609a2 e-con-full e-flex e-con e-child\" data-id=\"1b4609a2\" data-element_type=\"container\">\n\t\t\t\t<div class=\"elementor-element elementor-element-3c635816 elementor-widget elementor-widget-text-editor\" data-id=\"3c635816\" data-element_type=\"widget\" data-widget_type=\"text-editor.default\">\n\t\t\t\t<div class=\"elementor-widget-container\">\n\t\t\t\t\t\t\t<h2>Let me do the job for you<\/h2>\n<h4>At Haugsted Consult we offer a wide range of tasks &#8211; large and small<\/h4>\n<p>Whether you need help with one or the other, I always strive to find the best solution for you. If you can&#8217;t find exactly what you need help with described here, please contact me.<\/p>\n<h3>Thorough communication from the start<\/h3>\n<p>I understand that my customers&#8217; needs and wishes may vary, so I always have an initial chat with you about this. This way, I can best achieve the goal of delivering a complete and tailor-made solution. I ask about your expectations for the assignment thoroughly to avoid any misunderstanding. I&#8217;m also happy to keep you updated from start to finish if you wish.<\/p>\n<p>It&#8217;s important to me that my customers feel safe throughout the entire process.<\/p>\n<h3>High quality and good service<\/h3>\n<p>With me, you can always count on good service and high quality. I never leave a job until it is 100% complete and until both parties are satisfied with the result. I meet all agreements and deadlines, so if you&#8217;re looking for quality solutions on time, I&#8217;m the one to contact.<\/p>\n\t\t\t\t\t\t<\/div>\n\t\t\t\t<\/div>\n\t\t\t\t<\/div>\n\t\t<div class=\"elementor-element elementor-element-3318aeb1 e-con-full e-flex e-con e-child\" data-id=\"3318aeb1\" data-element_type=\"container\">\n\t\t\t\t<div class=\"elementor-element elementor-element-6518d0b7 dark elementor-widget elementor-widget-sidebar\" data-id=\"6518d0b7\" data-element_type=\"widget\" data-widget_type=\"sidebar.default\">\n\t\t\t\t<div class=\"elementor-widget-container\">\n\t\t\t<aside id=\"text-10\" class=\"widget-odd widget-first widget-1 widget inner-padding widget_text\"><h2 class=\"widget-title\">Vil du h\u00f8re mere?<\/h2>\t\t\t<div class=\"textwidget\"><p>Udfyld formularen og jeg kontakter dig hurtigst muligt.<\/p>\n<\/div>\n\t\t<\/aside><aside id=\"forminator_widget-2\" class=\"widget-even widget-last widget-2 widget inner-padding widget_forminator_widget\"><form id=\"forminator-module-199\" class=\"forminator-custom-form forminator-custom-form-199\" method=\"post\" data-forminator-render=\"0\" data-uid=\"69f3c40c8afe9\"><div role=\"alert\" aria-live=\"polite\" class=\"forminator-response-message forminator-error\" aria-hidden=\"true\"><\/div><\/form><\/aside>\t\t<\/div>\n\t\t\t\t<\/div>\n\t\t\t\t<\/div>\n\t\t\t\t\t<\/div>\n\t\t\t\t<\/div>\n\t\t\t\t<\/div>\n\t\t","protected":false},"excerpt":{"rendered":"<p>Let me do the job for you At we offer a wide range of tasks &#8211; large and small Whether you need help with one or the other, I always strive to find the best solution for you. If you can&#8217;t find exactly what you need help with described here, please contact me. Thorough communication &#8230; <a title=\"Advice and assistance\" class=\"read-more\" href=\"https:\/\/haugstedconsult.dk\/en\/advice-and-assistance\/\" aria-label=\"Read more about Advice and assistance\">Read more<\/a><\/p>\n","protected":false},"author":5,"featured_media":0,"parent":0,"menu_order":0,"comment_status":"closed","ping_status":"closed","template":"","meta":{"_acf_changed":false,"footnotes":""},"categories":[],"class_list":["post-8919","page","type-page","status-publish"],"acf":[],"yoast_head":"<!-- This site is optimized with the Yoast SEO plugin v26.8 - https:\/\/yoast.com\/product\/yoast-seo-wordpress\/ -->\n<title>Advice and assistance | Haugsted Consult<\/title>\n<meta name=\"robots\" content=\"index, follow, max-snippet:-1, max-image-preview:large, max-video-preview:-1\" \/>\n<link rel=\"canonical\" href=\"https:\/\/haugstedconsult.dk\/en\/advice-and-assistance\/\" \/>\n<meta property=\"og:locale\" content=\"en_US\" \/>\n<meta property=\"og:type\" content=\"article\" \/>\n<meta property=\"og:title\" content=\"Advice and assistance | Haugsted Consult\" \/>\n<meta property=\"og:description\" content=\"Let me do the job for you At we offer a wide range of tasks &#8211; large and small Whether you need help with one or the other, I always strive to find the best solution for you. If you can&#8217;t find exactly what you need help with described here, please contact me. Thorough communication ... Read more\" \/>\n<meta property=\"og:url\" content=\"https:\/\/haugstedconsult.dk\/en\/advice-and-assistance\/\" \/>\n<meta property=\"og:site_name\" content=\"Haugsted Consult\" \/>\n<meta property=\"article:modified_time\" content=\"2024-12-17T07:52:53+00:00\" \/>\n<meta name=\"twitter:card\" content=\"summary_large_image\" \/>\n<meta name=\"twitter:label1\" content=\"Est. reading time\" \/>\n\t<meta name=\"twitter:data1\" content=\"1 minute\" \/>\n<script type=\"application\/ld+json\" class=\"yoast-schema-graph\">{\"@context\":\"https:\/\/schema.org\",\"@graph\":[{\"@type\":\"WebPage\",\"@id\":\"https:\/\/haugstedconsult.dk\/en\/advice-and-assistance\/\",\"url\":\"https:\/\/haugstedconsult.dk\/en\/advice-and-assistance\/\",\"name\":\"Advice and assistance | Haugsted Consult\",\"isPartOf\":{\"@id\":\"https:\/\/haugstedconsult.webserver10.dk\/#website\"},\"datePublished\":\"2024-09-11T13:56:15+00:00\",\"dateModified\":\"2024-12-17T07:52:53+00:00\",\"breadcrumb\":{\"@id\":\"https:\/\/haugstedconsult.dk\/en\/advice-and-assistance\/#breadcrumb\"},\"inLanguage\":\"en-US\",\"potentialAction\":[{\"@type\":\"ReadAction\",\"target\":[\"https:\/\/haugstedconsult.dk\/en\/advice-and-assistance\/\"]}]},{\"@type\":\"BreadcrumbList\",\"@id\":\"https:\/\/haugstedconsult.dk\/en\/advice-and-assistance\/#breadcrumb\",\"itemListElement\":[{\"@type\":\"ListItem\",\"position\":1,\"name\":\"Forside\",\"item\":\"https:\/\/haugstedconsult.dk\/en\/home-page\/\"},{\"@type\":\"ListItem\",\"position\":2,\"name\":\"Advice and assistance\"}]},{\"@type\":\"WebSite\",\"@id\":\"https:\/\/haugstedconsult.webserver10.dk\/#website\",\"url\":\"https:\/\/haugstedconsult.webserver10.dk\/\",\"name\":\"Haugsted Consult\",\"description\":\"Milj\u00f8- og klima r\u00e5dgivning: Organiske ressourcer i et biologisk kredsl\u00f8b\",\"publisher\":{\"@id\":\"https:\/\/haugstedconsult.webserver10.dk\/#organization\"},\"potentialAction\":[{\"@type\":\"SearchAction\",\"target\":{\"@type\":\"EntryPoint\",\"urlTemplate\":\"https:\/\/haugstedconsult.webserver10.dk\/?s={search_term_string}\"},\"query-input\":{\"@type\":\"PropertyValueSpecification\",\"valueRequired\":true,\"valueName\":\"search_term_string\"}}],\"inLanguage\":\"en-US\"},{\"@type\":\"Organization\",\"@id\":\"https:\/\/haugstedconsult.webserver10.dk\/#organization\",\"name\":\"Haugsted Consult\",\"url\":\"https:\/\/haugstedconsult.webserver10.dk\/\",\"logo\":{\"@type\":\"ImageObject\",\"inLanguage\":\"en-US\",\"@id\":\"https:\/\/haugstedconsult.webserver10.dk\/#\/schema\/logo\/image\/\",\"url\":\"https:\/\/haugstedconsult.dk\/wp-content\/uploads\/2024\/09\/cropped-Logo-1.png\",\"contentUrl\":\"https:\/\/haugstedconsult.dk\/wp-content\/uploads\/2024\/09\/cropped-Logo-1.png\",\"width\":218,\"height\":60,\"caption\":\"Haugsted Consult\"},\"image\":{\"@id\":\"https:\/\/haugstedconsult.webserver10.dk\/#\/schema\/logo\/image\/\"}}]}<\/script>\n<!-- \/ Yoast SEO plugin. -->","yoast_head_json":{"title":"Advice and assistance | Haugsted Consult","robots":{"index":"index","follow":"follow","max-snippet":"max-snippet:-1","max-image-preview":"max-image-preview:large","max-video-preview":"max-video-preview:-1"},"canonical":"https:\/\/haugstedconsult.dk\/en\/advice-and-assistance\/","og_locale":"en_US","og_type":"article","og_title":"Advice and assistance | Haugsted Consult","og_description":"Let me do the job for you At we offer a wide range of tasks &#8211; large and small Whether you need help with one or the other, I always strive to find the best solution for you. If you can&#8217;t find exactly what you need help with described here, please contact me. Thorough communication ... Read more","og_url":"https:\/\/haugstedconsult.dk\/en\/advice-and-assistance\/","og_site_name":"Haugsted Consult","article_modified_time":"2024-12-17T07:52:53+00:00","twitter_card":"summary_large_image","twitter_misc":{"Est. reading time":"1 minute"},"schema":{"@context":"https:\/\/schema.org","@graph":[{"@type":"WebPage","@id":"https:\/\/haugstedconsult.dk\/en\/advice-and-assistance\/","url":"https:\/\/haugstedconsult.dk\/en\/advice-and-assistance\/","name":"Advice and assistance | Haugsted Consult","isPartOf":{"@id":"https:\/\/haugstedconsult.webserver10.dk\/#website"},"datePublished":"2024-09-11T13:56:15+00:00","dateModified":"2024-12-17T07:52:53+00:00","breadcrumb":{"@id":"https:\/\/haugstedconsult.dk\/en\/advice-and-assistance\/#breadcrumb"},"inLanguage":"en-US","potentialAction":[{"@type":"ReadAction","target":["https:\/\/haugstedconsult.dk\/en\/advice-and-assistance\/"]}]},{"@type":"BreadcrumbList","@id":"https:\/\/haugstedconsult.dk\/en\/advice-and-assistance\/#breadcrumb","itemListElement":[{"@type":"ListItem","position":1,"name":"Forside","item":"https:\/\/haugstedconsult.dk\/en\/home-page\/"},{"@type":"ListItem","position":2,"name":"Advice and assistance"}]},{"@type":"WebSite","@id":"https:\/\/haugstedconsult.webserver10.dk\/#website","url":"https:\/\/haugstedconsult.webserver10.dk\/","name":"Haugsted Consult","description":"Milj\u00f8- og klima r\u00e5dgivning: Organiske ressourcer i et biologisk kredsl\u00f8b","publisher":{"@id":"https:\/\/haugstedconsult.webserver10.dk\/#organization"},"potentialAction":[{"@type":"SearchAction","target":{"@type":"EntryPoint","urlTemplate":"https:\/\/haugstedconsult.webserver10.dk\/?s={search_term_string}"},"query-input":{"@type":"PropertyValueSpecification","valueRequired":true,"valueName":"search_term_string"}}],"inLanguage":"en-US"},{"@type":"Organization","@id":"https:\/\/haugstedconsult.webserver10.dk\/#organization","name":"Haugsted Consult","url":"https:\/\/haugstedconsult.webserver10.dk\/","logo":{"@type":"ImageObject","inLanguage":"en-US","@id":"https:\/\/haugstedconsult.webserver10.dk\/#\/schema\/logo\/image\/","url":"https:\/\/haugstedconsult.dk\/wp-content\/uploads\/2024\/09\/cropped-Logo-1.png","contentUrl":"https:\/\/haugstedconsult.dk\/wp-content\/uploads\/2024\/09\/cropped-Logo-1.png","width":218,"height":60,"caption":"Haugsted Consult"},"image":{"@id":"https:\/\/haugstedconsult.webserver10.dk\/#\/schema\/logo\/image\/"}}]}},"_links":{"self":[{"href":"https:\/\/haugstedconsult.dk\/en\/wp-json\/wp\/v2\/pages\/8919","targetHints":{"allow":["GET"]}}],"collection":[{"href":"https:\/\/haugstedconsult.dk\/en\/wp-json\/wp\/v2\/pages"}],"about":[{"href":"https:\/\/haugstedconsult.dk\/en\/wp-json\/wp\/v2\/types\/page"}],"author":[{"embeddable":true,"href":"https:\/\/haugstedconsult.dk\/en\/wp-json\/wp\/v2\/users\/5"}],"replies":[{"embeddable":true,"href":"https:\/\/haugstedconsult.dk\/en\/wp-json\/wp\/v2\/comments?post=8919"}],"version-history":[{"count":3,"href":"https:\/\/haugstedconsult.dk\/en\/wp-json\/wp\/v2\/pages\/8919\/revisions"}],"predecessor-version":[{"id":8932,"href":"https:\/\/haugstedconsult.dk\/en\/wp-json\/wp\/v2\/pages\/8919\/revisions\/8932"}],"wp:attachment":[{"href":"https:\/\/haugstedconsult.dk\/en\/wp-json\/wp\/v2\/media?parent=8919"}],"wp:term":[{"taxonomy":"category","embeddable":true,"href":"https:\/\/haugstedconsult.dk\/en\/wp-json\/wp\/v2\/categories?post=8919"}],"curies":[{"name":"wp","href":"https:\/\/api.w.org\/{rel}","templated":true}]}}