{"id":8920,"date":"2023-04-21T07:44:05","date_gmt":"2023-04-21T05:44:05","guid":{"rendered":"https:\/\/haugstedconsult.dk\/references\/"},"modified":"2024-12-17T08:52:53","modified_gmt":"2024-12-17T07:52:53","slug":"references","status":"publish","type":"page","link":"https:\/\/haugstedconsult.dk\/en\/references\/","title":{"rendered":"References"},"content":{"rendered":"\t\t<div data-elementor-type=\"wp-page\" data-elementor-id=\"8920\" class=\"elementor elementor-8920 elementor-4047\" data-elementor-post-type=\"page\">\n\t\t\t\t<div class=\"elementor-element elementor-element-e092645 e-con-full no-padding e-flex e-con e-parent\" data-id=\"e092645\" data-element_type=\"container\">\n\t\t\t\t<div class=\"elementor-element elementor-element-42df65a3 elementor-widget elementor-widget-template\" data-id=\"42df65a3\" data-element_type=\"widget\" data-widget_type=\"template.default\">\n\t\t\t\t<div class=\"elementor-widget-container\">\n\t\t\t\t\t<div class=\"elementor-template\">\n\t\t\t\t\t<div data-elementor-type=\"container\" data-elementor-id=\"6563\" class=\"elementor elementor-6563\" data-elementor-post-type=\"elementor_library\">\n\t\t\t\t<div class=\"elementor-element elementor-element-6b499f1f e-con-full no-padding e-flex e-con e-parent\" data-id=\"6b499f1f\" data-element_type=\"container\">\n\t\t\t\t<div class=\"elementor-element elementor-element-1ecbb66 elementor-widget elementor-widget-template\" data-id=\"1ecbb66\" data-element_type=\"widget\" data-widget_type=\"template.default\">\n\t\t\t\t<div class=\"elementor-widget-container\">\n\t\t\t\t\t<div class=\"elementor-template\">\n\t\t\t\t\t<div data-elementor-type=\"container\" data-elementor-id=\"6542\" class=\"elementor elementor-6542\" data-elementor-post-type=\"elementor_library\">\n\t\t\t\t<div class=\"elementor-element elementor-element-2bc4b5ab white e-flex e-con-boxed e-con e-parent\" data-id=\"2bc4b5ab\" data-element_type=\"container\" data-settings=\"{&quot;background_background&quot;:&quot;classic&quot;}\">\n\t\t\t\t\t<div class=\"e-con-inner\">\n\t\t\t\t<div class=\"elementor-element elementor-element-1d645c29 elementor-icon-list--layout-inline elementor-align-center elementor-list-item-link-full_width elementor-widget elementor-widget-icon-list\" data-id=\"1d645c29\" data-element_type=\"widget\" data-widget_type=\"icon-list.default\">\n\t\t\t\t<div class=\"elementor-widget-container\">\n\t\t\t\t\t<ul class=\"elementor-icon-list-items elementor-inline-items\">\n\t\t\t\t\t\t\t<li class=\"elementor-icon-list-item elementor-inline-item\">\n\t\t\t\t\t\t\t\t\t\t<span class=\"elementor-icon-list-text\"><a href=\"tel:24406559##\">+45 24 40 65 59<\/a><\/span>\n\t\t\t\t\t\t\t\t\t<\/li>\n\t\t\t\t\t\t\t\t<li class=\"elementor-icon-list-item elementor-inline-item\">\n\t\t\t\t\t\t\t\t\t\t<span class=\"elementor-icon-list-text\"><a href=\"mailto:perhaugsted48@gmail.com##\">perhaugsted48@gmail.com<\/a><\/span>\n\t\t\t\t\t\t\t\t\t<\/li>\n\t\t\t\t\t\t<\/ul>\n\t\t\t\t<\/div>\n\t\t\t\t<\/div>\n\t\t\t\t\t<\/div>\n\t\t\t\t<\/div>\n\t\t\t\t<\/div>\n\t\t\t\t<\/div>\n\t\t\t\t<\/div>\n\t\t\t\t<\/div>\n\t\t\t\t<\/div>\n\t\t\t\t<\/div>\n\t\t\t\t<\/div>\n\t\t\t\t<\/div>\n\t\t\t\t<\/div>\n\t\t\t\t<\/div>\n\t\t<div class=\"elementor-element elementor-element-5b8134d8 e-flex e-con-boxed e-con e-parent\" data-id=\"5b8134d8\" data-element_type=\"container\">\n\t\t\t\t\t<div class=\"e-con-inner\">\n\t\t<div class=\"elementor-element elementor-element-7d4f0254 e-con-full e-flex e-con e-child\" data-id=\"7d4f0254\" data-element_type=\"container\">\n\t\t\t\t<div class=\"elementor-element elementor-element-3c1e4bef elementor-widget elementor-widget-text-editor\" data-id=\"3c1e4bef\" data-element_type=\"widget\" data-widget_type=\"text-editor.default\">\n\t\t\t\t<div class=\"elementor-widget-container\">\n\t\t\t\t\t\t\t<p>Selected references:<\/p>\n<p>&#8211; Composting Operation Guide, Environmental Project 1212 &#8211; <a href=\"https:\/\/www2.mst.dk\/udgiv\/publikationer\/2008\/978-87-7052-669-2\/pdf\/978-87-7052-670-8.pdf\" target=\"_blank\" rel=\"noopener\">https:\/\/www2.mst.dk\/udgiv\/publikationer\/2008\/978-87-7052-669-2\/pdf\/978-87-7052-670-8.pdf<\/a><\/p>\n<p>&#8211; Composting in containers in arctic conditions, <a href=\"https:\/\/www.buhl-bonsoe.dk\/da\/information\/cases\/ramboell-succesfuld-kompostering-under-arktiske-forhold-med-traadloese-dataloggere\/\" target=\"_blank\" rel=\"noopener\">https:\/\/www.buhl-bonsoe.dk\/da\/information\/cases\/ramboell-succesfuld-kompostering-under-arktiske-forhold-med-traadloese-dataloggere\/,<\/a> <a href=\"https:\/\/ing.dk\/artikel\/skrottet-koelecontainer-producerer-nu-kompost-i-groenland\" target=\"_blank\" rel=\"noopener\">https:\/\/ing.dk\/artikel\/skrottet-koelecontainer-producerer-nu-kompost-i-groenland<\/a><\/p>\n<p>&#8211; From garden\/park waste to nutrient-rich compost for organic farming, Innovation Center for Organic Farming &#8211; <a href=\"https:\/\/www.youtube.com\/watch?v=_rPsjWjkyA4\" target=\"_blank\" rel=\"noopener\">From garden\/park waste to nutrient-rich compost for organic farming(youtube.com)<\/a><\/p>\n<p>&#8211; Degradation of organic pollutants by composting, Innovation Center for Organic Agriculture &#8211; <a href=\"https:\/\/bibliotek.dk\/materiale\/nedbrydning-af-organiske-miljoefremmede-stoffer-ved-kompostering_per-haugsted-petersen\/work-of%3A159003-lokalbibl%3A85914472?type=artikel\">https:\/\/bibliotek.dk\/materiale\/nedbrydning-af-organiske-miljoefremmede-stoffer-ved-kompostering_per-haugsted-petersen\/work-of%3A159003-lokalbibl% 3A85914472?type=article<\/a><\/p>\n<p>&#8211; Fate of pharmaceuticals and personal care chemicals in composting of biosolids &#8211; <a href=\"https:\/\/phosphorusplatform.eu\/images\/download\/Malmo-pharmaceuticals-workshop\/2016%20Report%20ESPP%20pharmaceuticals%20workshop.pdf\" target=\"_blank\" rel=\"noopener\">https:\/\/phosphorusplatform.eu\/images\/download\/Malmo-pharmaceuticals-workshop\/2016%20Report%20ESPP%20pharmaceuticals%20workshop.pdf<\/a><\/p>\n<p>&#8211; Mass reduction of pesticides and PFAS by optimized composting, Innovation Center for Organic Agriculture &#8211; Report: <a href=\"https:\/\/icoel.dk\/media\/b15lxnks\/massereduktion-af-pesticider-og-pfas.pdf\" target=\"_blank\" rel=\"noopener\">&#8216;Mass reduction of pesticides and PFAS by optimized controlled composting&#8217; (pdf, 50 pages)<\/a>, Article: <a href=\"https:\/\/icoel.dk\/planteavl\/pfas-og-pesticidrester-nedbrydes-i-kompost\/\" target=\"_blank\" rel=\"noopener\">PFAS and pesticide residues break down in compost (icoel.dk)<\/a><\/p>\n<p>&#8211; Collection and biogasification of organic municipal waste, Environmental project no. 756, Full-scale trials in the Greater Copenhagen area &#8211; <a href=\"https:\/\/mst.dk\/publikationer\/2003\/maj\/fuldskalaforsoeg-i-hovedstadsomraadet\" target=\"_blank\" rel=\"noopener\">https:\/\/mst.dk\/publikationer\/2003\/maj\/fuldskalaforsoeg-i-hovedstadsomraadet<\/a><\/p>\n<p>&#8211; Source Separated Organic Municipal Solid Waste (MSW), Business Case with Environmental and Economic Impacts, Environmental Project No. 2092 &#8211; <a href=\"https:\/\/www2.mst.dk\/Udgiv\/publikationer\/2019\/07\/978-87-7038-087-4.pdf\" target=\"_blank\" rel=\"noopener\">https:\/\/www2.mst.dk\/Udgiv\/publikationer\/2019\/07\/978-87-7038-087-4.pdf<\/a><\/p>\n<p>&#8211; Reduction of methane emissions from Klintholm landfill by establishing biocover, Environmental Project No. 1401- <a href=\"https:\/\/mst.dk\/media\/duthzdph\/klintholm_-biocover.pdf\" target=\"_blank\" rel=\"noopener\">https:\/\/mst.dk\/media\/duthzdph\/klintholm_-biocover.pdf<\/a><\/p>\n<p>&#8211; Biocovers on Landfills &#8211; Variation in project complexity, Proceedings SARDINIA2019,<\/p>\n\t\t\t\t\t\t<\/div>\n\t\t\t\t<\/div>\n\t\t\t\t<\/div>\n\t\t<div class=\"elementor-element elementor-element-20ea5be7 e-con-full e-flex e-con e-child\" data-id=\"20ea5be7\" data-element_type=\"container\">\n\t\t\t\t<div class=\"elementor-element elementor-element-fa1a0aa dark elementor-widget elementor-widget-sidebar\" data-id=\"fa1a0aa\" data-element_type=\"widget\" data-widget_type=\"sidebar.default\">\n\t\t\t\t<div class=\"elementor-widget-container\">\n\t\t\t<aside id=\"text-10\" class=\"widget-odd widget-first widget-1 widget inner-padding widget_text\"><h2 class=\"widget-title\">Vil du h\u00f8re mere?<\/h2>\t\t\t<div class=\"textwidget\"><p>Udfyld formularen og jeg kontakter dig hurtigst muligt.<\/p>\n<\/div>\n\t\t<\/aside><aside id=\"forminator_widget-2\" class=\"widget-even widget-last widget-2 widget inner-padding widget_forminator_widget\"><form id=\"forminator-module-199\" class=\"forminator-custom-form forminator-custom-form-199\" method=\"post\" data-forminator-render=\"0\" data-uid=\"69f3d7812d3a2\"><div role=\"alert\" aria-live=\"polite\" class=\"forminator-response-message forminator-error\" aria-hidden=\"true\"><\/div><\/form><\/aside>\t\t<\/div>\n\t\t\t\t<\/div>\n\t\t\t\t<\/div>\n\t\t\t\t\t<\/div>\n\t\t\t\t<\/div>\n\t\t\t\t<\/div>\n\t\t","protected":false},"excerpt":{"rendered":"<p>Selected references: &#8211; Composting Operation Guide, Environmental Project 1212 &#8211; https:\/\/www2.mst.dk\/udgiv\/publikationer\/2008\/978-87-7052-669-2\/pdf\/978-87-7052-670-8.pdf &#8211; Composting in containers in arctic conditions, https:\/\/www.buhl-bonsoe.dk\/da\/information\/cases\/ramboell-succesfuld-kompostering-under-arktiske-forhold-med-traadloese-dataloggere\/, https:\/\/ing.dk\/artikel\/skrottet-koelecontainer-producerer-nu-kompost-i-groenland &#8211; From garden\/park waste to nutrient-rich compost for organic farming, Innovation Center for Organic Farming &#8211; From garden\/park waste to nutrient-rich compost for organic farming(youtube.com) &#8211; Degradation of organic pollutants by composting, Innovation Center for &#8230; <a title=\"References\" class=\"read-more\" href=\"https:\/\/haugstedconsult.dk\/en\/references\/\" aria-label=\"Read more about References\">Read more<\/a><\/p>\n","protected":false},"author":1,"featured_media":0,"parent":0,"menu_order":0,"comment_status":"closed","ping_status":"closed","template":"","meta":{"_acf_changed":false,"footnotes":""},"categories":[],"class_list":["post-8920","page","type-page","status-publish"],"acf":[],"yoast_head":"<!-- This site is optimized with the Yoast SEO plugin v26.8 - https:\/\/yoast.com\/product\/yoast-seo-wordpress\/ -->\n<title>References | Haugsted Consult<\/title>\n<meta name=\"robots\" content=\"index, follow, max-snippet:-1, max-image-preview:large, max-video-preview:-1\" \/>\n<link rel=\"canonical\" href=\"https:\/\/haugstedconsult.dk\/en\/references\/\" \/>\n<meta property=\"og:locale\" content=\"en_US\" \/>\n<meta property=\"og:type\" content=\"article\" \/>\n<meta property=\"og:title\" content=\"References | Haugsted Consult\" \/>\n<meta property=\"og:description\" content=\"Selected references: &#8211; Composting Operation Guide, Environmental Project 1212 &#8211; https:\/\/www2.mst.dk\/udgiv\/publikationer\/2008\/978-87-7052-669-2\/pdf\/978-87-7052-670-8.pdf &#8211; Composting in containers in arctic conditions, https:\/\/www.buhl-bonsoe.dk\/da\/information\/cases\/ramboell-succesfuld-kompostering-under-arktiske-forhold-med-traadloese-dataloggere\/, https:\/\/ing.dk\/artikel\/skrottet-koelecontainer-producerer-nu-kompost-i-groenland &#8211; From garden\/park waste to nutrient-rich compost for organic farming, Innovation Center for Organic Farming &#8211; From garden\/park waste to nutrient-rich compost for organic farming(youtube.com) &#8211; Degradation of organic pollutants by composting, Innovation Center for ... Read more\" \/>\n<meta property=\"og:url\" content=\"https:\/\/haugstedconsult.dk\/en\/references\/\" \/>\n<meta property=\"og:site_name\" content=\"Haugsted Consult\" \/>\n<meta property=\"article:modified_time\" content=\"2024-12-17T07:52:53+00:00\" \/>\n<meta name=\"twitter:card\" content=\"summary_large_image\" \/>\n<meta name=\"twitter:label1\" content=\"Est. reading time\" \/>\n\t<meta name=\"twitter:data1\" content=\"1 minute\" \/>\n<script type=\"application\/ld+json\" class=\"yoast-schema-graph\">{\"@context\":\"https:\/\/schema.org\",\"@graph\":[{\"@type\":\"WebPage\",\"@id\":\"https:\/\/haugstedconsult.dk\/en\/references\/\",\"url\":\"https:\/\/haugstedconsult.dk\/en\/references\/\",\"name\":\"References | Haugsted Consult\",\"isPartOf\":{\"@id\":\"https:\/\/haugstedconsult.webserver10.dk\/#website\"},\"datePublished\":\"2023-04-21T05:44:05+00:00\",\"dateModified\":\"2024-12-17T07:52:53+00:00\",\"breadcrumb\":{\"@id\":\"https:\/\/haugstedconsult.dk\/en\/references\/#breadcrumb\"},\"inLanguage\":\"en-US\",\"potentialAction\":[{\"@type\":\"ReadAction\",\"target\":[\"https:\/\/haugstedconsult.dk\/en\/references\/\"]}]},{\"@type\":\"BreadcrumbList\",\"@id\":\"https:\/\/haugstedconsult.dk\/en\/references\/#breadcrumb\",\"itemListElement\":[{\"@type\":\"ListItem\",\"position\":1,\"name\":\"Forside\",\"item\":\"https:\/\/haugstedconsult.dk\/en\/home-page\/\"},{\"@type\":\"ListItem\",\"position\":2,\"name\":\"References\"}]},{\"@type\":\"WebSite\",\"@id\":\"https:\/\/haugstedconsult.webserver10.dk\/#website\",\"url\":\"https:\/\/haugstedconsult.webserver10.dk\/\",\"name\":\"Haugsted Consult\",\"description\":\"Milj\u00f8- og klima r\u00e5dgivning: Organiske ressourcer i et biologisk kredsl\u00f8b\",\"publisher\":{\"@id\":\"https:\/\/haugstedconsult.webserver10.dk\/#organization\"},\"potentialAction\":[{\"@type\":\"SearchAction\",\"target\":{\"@type\":\"EntryPoint\",\"urlTemplate\":\"https:\/\/haugstedconsult.webserver10.dk\/?s={search_term_string}\"},\"query-input\":{\"@type\":\"PropertyValueSpecification\",\"valueRequired\":true,\"valueName\":\"search_term_string\"}}],\"inLanguage\":\"en-US\"},{\"@type\":\"Organization\",\"@id\":\"https:\/\/haugstedconsult.webserver10.dk\/#organization\",\"name\":\"Haugsted Consult\",\"url\":\"https:\/\/haugstedconsult.webserver10.dk\/\",\"logo\":{\"@type\":\"ImageObject\",\"inLanguage\":\"en-US\",\"@id\":\"https:\/\/haugstedconsult.webserver10.dk\/#\/schema\/logo\/image\/\",\"url\":\"https:\/\/haugstedconsult.dk\/wp-content\/uploads\/2024\/09\/cropped-Logo-1.png\",\"contentUrl\":\"https:\/\/haugstedconsult.dk\/wp-content\/uploads\/2024\/09\/cropped-Logo-1.png\",\"width\":218,\"height\":60,\"caption\":\"Haugsted Consult\"},\"image\":{\"@id\":\"https:\/\/haugstedconsult.webserver10.dk\/#\/schema\/logo\/image\/\"}}]}<\/script>\n<!-- \/ Yoast SEO plugin. -->","yoast_head_json":{"title":"References | Haugsted Consult","robots":{"index":"index","follow":"follow","max-snippet":"max-snippet:-1","max-image-preview":"max-image-preview:large","max-video-preview":"max-video-preview:-1"},"canonical":"https:\/\/haugstedconsult.dk\/en\/references\/","og_locale":"en_US","og_type":"article","og_title":"References | Haugsted Consult","og_description":"Selected references: &#8211; Composting Operation Guide, Environmental Project 1212 &#8211; https:\/\/www2.mst.dk\/udgiv\/publikationer\/2008\/978-87-7052-669-2\/pdf\/978-87-7052-670-8.pdf &#8211; Composting in containers in arctic conditions, https:\/\/www.buhl-bonsoe.dk\/da\/information\/cases\/ramboell-succesfuld-kompostering-under-arktiske-forhold-med-traadloese-dataloggere\/, https:\/\/ing.dk\/artikel\/skrottet-koelecontainer-producerer-nu-kompost-i-groenland &#8211; From garden\/park waste to nutrient-rich compost for organic farming, Innovation Center for Organic Farming &#8211; From garden\/park waste to nutrient-rich compost for organic farming(youtube.com) &#8211; Degradation of organic pollutants by composting, Innovation Center for ... Read more","og_url":"https:\/\/haugstedconsult.dk\/en\/references\/","og_site_name":"Haugsted Consult","article_modified_time":"2024-12-17T07:52:53+00:00","twitter_card":"summary_large_image","twitter_misc":{"Est. reading time":"1 minute"},"schema":{"@context":"https:\/\/schema.org","@graph":[{"@type":"WebPage","@id":"https:\/\/haugstedconsult.dk\/en\/references\/","url":"https:\/\/haugstedconsult.dk\/en\/references\/","name":"References | Haugsted Consult","isPartOf":{"@id":"https:\/\/haugstedconsult.webserver10.dk\/#website"},"datePublished":"2023-04-21T05:44:05+00:00","dateModified":"2024-12-17T07:52:53+00:00","breadcrumb":{"@id":"https:\/\/haugstedconsult.dk\/en\/references\/#breadcrumb"},"inLanguage":"en-US","potentialAction":[{"@type":"ReadAction","target":["https:\/\/haugstedconsult.dk\/en\/references\/"]}]},{"@type":"BreadcrumbList","@id":"https:\/\/haugstedconsult.dk\/en\/references\/#breadcrumb","itemListElement":[{"@type":"ListItem","position":1,"name":"Forside","item":"https:\/\/haugstedconsult.dk\/en\/home-page\/"},{"@type":"ListItem","position":2,"name":"References"}]},{"@type":"WebSite","@id":"https:\/\/haugstedconsult.webserver10.dk\/#website","url":"https:\/\/haugstedconsult.webserver10.dk\/","name":"Haugsted Consult","description":"Milj\u00f8- og klima r\u00e5dgivning: Organiske ressourcer i et biologisk kredsl\u00f8b","publisher":{"@id":"https:\/\/haugstedconsult.webserver10.dk\/#organization"},"potentialAction":[{"@type":"SearchAction","target":{"@type":"EntryPoint","urlTemplate":"https:\/\/haugstedconsult.webserver10.dk\/?s={search_term_string}"},"query-input":{"@type":"PropertyValueSpecification","valueRequired":true,"valueName":"search_term_string"}}],"inLanguage":"en-US"},{"@type":"Organization","@id":"https:\/\/haugstedconsult.webserver10.dk\/#organization","name":"Haugsted Consult","url":"https:\/\/haugstedconsult.webserver10.dk\/","logo":{"@type":"ImageObject","inLanguage":"en-US","@id":"https:\/\/haugstedconsult.webserver10.dk\/#\/schema\/logo\/image\/","url":"https:\/\/haugstedconsult.dk\/wp-content\/uploads\/2024\/09\/cropped-Logo-1.png","contentUrl":"https:\/\/haugstedconsult.dk\/wp-content\/uploads\/2024\/09\/cropped-Logo-1.png","width":218,"height":60,"caption":"Haugsted Consult"},"image":{"@id":"https:\/\/haugstedconsult.webserver10.dk\/#\/schema\/logo\/image\/"}}]}},"_links":{"self":[{"href":"https:\/\/haugstedconsult.dk\/en\/wp-json\/wp\/v2\/pages\/8920","targetHints":{"allow":["GET"]}}],"collection":[{"href":"https:\/\/haugstedconsult.dk\/en\/wp-json\/wp\/v2\/pages"}],"about":[{"href":"https:\/\/haugstedconsult.dk\/en\/wp-json\/wp\/v2\/types\/page"}],"author":[{"embeddable":true,"href":"https:\/\/haugstedconsult.dk\/en\/wp-json\/wp\/v2\/users\/1"}],"replies":[{"embeddable":true,"href":"https:\/\/haugstedconsult.dk\/en\/wp-json\/wp\/v2\/comments?post=8920"}],"version-history":[{"count":3,"href":"https:\/\/haugstedconsult.dk\/en\/wp-json\/wp\/v2\/pages\/8920\/revisions"}],"predecessor-version":[{"id":8935,"href":"https:\/\/haugstedconsult.dk\/en\/wp-json\/wp\/v2\/pages\/8920\/revisions\/8935"}],"wp:attachment":[{"href":"https:\/\/haugstedconsult.dk\/en\/wp-json\/wp\/v2\/media?parent=8920"}],"wp:term":[{"taxonomy":"category","embeddable":true,"href":"https:\/\/haugstedconsult.dk\/en\/wp-json\/wp\/v2\/categories?post=8920"}],"curies":[{"name":"wp","href":"https:\/\/api.w.org\/{rel}","templated":true}]}}